{"id":6640,"date":"2026-02-19T13:12:50","date_gmt":"2026-02-19T18:12:50","guid":{"rendered":"https:\/\/wholepedsg.com\/?page_id=6640"},"modified":"2026-03-13T00:49:22","modified_gmt":"2026-03-13T05:49:22","slug":"area-de-servicio-de-visitas-a-domicilio","status":"publish","type":"page","link":"https:\/\/wholepedsg.com\/es\/house-call-service-area\/","title":{"rendered":"\u00c1rea de servicio de visitas a domicilio"},"content":{"rendered":"<div data-elementor-type=\"wp-page\" data-elementor-id=\"6640\" class=\"elementor elementor-6640\" data-elementor-post-type=\"page\">\n\t\t\t\t\t\t<section class=\"elementor-section elementor-top-section elementor-element elementor-element-633f4c6 elementor-section-boxed elementor-section-height-default elementor-section-height-default\" data-id=\"633f4c6\" data-element_type=\"section\" data-e-type=\"section\">\n\t\t\t\t\t\t<div class=\"elementor-container elementor-column-gap-default\">\n\t\t\t\t\t<div class=\"elementor-column elementor-col-100 elementor-top-column elementor-element elementor-element-0b261c7\" data-id=\"0b261c7\" data-element_type=\"column\" data-e-type=\"column\">\n\t\t\t<div class=\"elementor-widget-wrap elementor-element-populated\">\n\t\t\t\t\t\t\t<\/div>\n\t\t<\/div>\n\t\t\t\t\t<\/div>\n\t\t<\/section>\n\t\t\t\t<section class=\"elementor-section elementor-top-section elementor-element elementor-element-3ad8ef3 elementor-section-boxed elementor-section-height-default elementor-section-height-default\" data-id=\"3ad8ef3\" data-element_type=\"section\" data-e-type=\"section\">\n\t\t\t\t\t\t<div class=\"elementor-container elementor-column-gap-default\">\n\t\t\t\t\t<div class=\"elementor-column elementor-col-100 elementor-top-column elementor-element elementor-element-8c243b0\" data-id=\"8c243b0\" data-element_type=\"column\" data-e-type=\"column\">\n\t\t\t<div class=\"elementor-widget-wrap elementor-element-populated\">\n\t\t\t\t\t\t<div class=\"elementor-element elementor-element-b512071 elementor-widget elementor-widget-html\" data-id=\"b512071\" data-element_type=\"widget\" data-e-type=\"widget\" data-widget_type=\"html.default\">\n\t\t\t\t<div class=\"elementor-widget-container\">\n\t\t\t\t\t<!DOCTYPE html>\n<html lang=\"en\">\n<head>\n    <meta charset=\"UTF-8\">\n    <meta name=\"viewport\" content=\"width=device-width, initial-scale=1.0\">\n    <title>Mapa del \u00e1rea de servicio | Grupo de Pediatr\u00eda Integral<\/title>\n    <link href=\"https:\/\/fonts.googleapis.com\/css2?family=DM+Serif+Display:ital@0;1&display=swap\" rel=\"stylesheet\">\n    <style>\n        * { margin: 0; padding: 0; box-sizing: border-box; }\n        body { font-family: -apple-system, BlinkMacSystemFont, 'Segoe UI', Roboto, Oxygen, Ubuntu, Cantarell, sans-serif; background-color: #f8f9fa; line-height: 1.6; color: #333; }\n        .map-container { max-width: 1200px; margin: 0 auto; padding: 40px 20px; }\n        .map-header { text-align: center; margin-bottom: 40px; }\n        .map-header h1 { font-size: 2.5rem; font-family: 'DM Serif Display', Georgia, serif; font-weight: 400; color: #0D3B66; margin-bottom: 15px; }\n        .map-header p { font-size: 1.2rem; color: #666; line-height: 1.8; margin-bottom: 10px; }\n        .location-badge { display: inline-block; background: linear-gradient(135deg, #0D3B66 0%, #0a2d4d 100%); color: white; padding: 10px 24px; border-radius: 999px; font-size: 14px; font-weight: 500; margin-top: 15px; box-shadow: 0 2px 8px rgba(13, 59, 102, 0.3); }\n        .map-wrapper { background: white; padding: 30px; border-radius: 16px; box-shadow: 0 8px 24px rgba(0,0,0,0.1); border: 3px solid #e5e7eb; margin-bottom: 30px; }\n        .map-wrapper iframe { width: 100%; height: 600px; border-radius: 12px; border: none; }\n        .map-credit { text-align: center; margin-top: 15px; font-size: 0.75rem; color: #999; }\n        .map-credit a { color: #0D3B66; text-decoration: none; }\n        .map-credit a:hover { text-decoration: underline; }\n        .map-legend { background: white; padding: 30px; border-radius: 12px; margin-bottom: 30px; box-shadow: 0 4px 12px rgba(0,0,0,0.1); border-left: 5px solid #FF7F50; }\n        .map-legend h3 { color: #0D3B66; font-size: 1.4rem; margin-bottom: 25px; font-weight: 700; }\n        .legend-grid { display: grid; grid-template-columns: repeat(auto-fit, minmax(300px, 1fr)); gap: 25px; }\n        .legend-item { display: flex; align-items: flex-start; gap: 15px; }\n        .legend-color { width: 50px; height: 50px; border-radius: 50%; flex-shrink: 0; border: 3px solid; }\n        .legend-color.standard { background: rgba(59,130,246,0.3); border-color: #3b82f6; }\n        .legend-color.extended { background: rgba(255,127,80,0.25); border-color: #FF7F50; }\n        .legend-color.office { background: #FF7F50; border-color: #d65a2e; border-radius: 50% 50% 50% 0; transform: rotate(-45deg); position: relative; box-shadow: 0 2px 6px rgba(255,127,80,0.4); }\n        .legend-color.office::after { content: \"\"; position: absolute; top: 50%; left: 50%; transform: translate(-50%, -50%) rotate(45deg); width: 18px; height: 18px; background: white; border-radius: 50%; }\n        .legend-text h4 { color: #0D3B66; font-size: 1.1rem; margin-bottom: 8px; font-weight: 600; }\n        .legend-text p { color: #666; font-size: 0.95rem; line-height: 1.6; }\n        .legend-text strong { color: #FF7F50; font-weight: 600; }\n        .info-box { background: linear-gradient(135deg, #fff4e6 0%, #ffe8d1 100%); border: 3px solid #FF7F50; border-radius: 12px; padding: 30px; text-align: center; }\n        .info-box h4 { color: #0D3B66; font-size: 1.3rem; margin-bottom: 15px; font-weight: 700; }\n        .info-box p { color: #333; font-size: 1rem; line-height: 1.8; margin-bottom: 12px; }\n        .info-box p:last-child { margin-bottom: 0; }\n        .info-box strong { color: #0D3B66; font-weight: 600; }\n        @media (max-width: 768px) {\n            .map-header h1 { font-size: 1.8rem; }\n            .map-header p { font-size: 1rem; }\n            .location-badge { font-size: 13px; padding: 8px 20px; }\n            .map-wrapper { padding: 15px; }\n            .map-wrapper iframe { height: 450px; }\n            .legend-grid { grid-template-columns: 1fr; }\n            .map-legend, .info-box { padding: 20px; }\n            .legend-color { width: 40px; height: 40px; }\n        }\n    <\/style>\n<\/head>\n<body>\n    <div class=\"map-container\">\n        <div class=\"map-header\">\n            <h1>\u00c1rea de servicio de visitas a domicilio<\/h1>\n            <p>Visitas a domicilio disponibles en todo Riverside y comunidades aleda\u00f1as.<\/p>\n            <span class=\"location-badge\">Grupo de Pediatr\u00eda Integral | Riverside, California<\/span>\n        <\/div>\n\n        <div class=\"map-wrapper\">\n            <iframe \n                title=\"Smappen - Mapa compartido\" \n                width=\"100%\" \n                height=\"600\" \n                src=\"https:\/\/www.smappen.com\/app\/iframe\/OOsb0RRbXHs_Q2so\" \n                frameborder=\"0\" \n                allowfullscreen>\n            <\/iframe>\n            <div class=\"map-credit\">\n                <i>Mapa elaborado con <a href=\"https:\/\/www.smappen.com\" target=\"_blank\">smappen<\/a><\/i>\n            <\/div>\n        <\/div>\n\n        <div class=\"map-legend\">\n            <h3>\ud83d\uddfa\ufe0f Zonas del \u00e1rea de servicio<\/h3>\n            <div class=\"legend-grid\">\n                <div class=\"legend-item\">\n                    <div class=\"legend-color office\"><\/div>\n                    <div class=\"legend-text\">\n                        <h4>\ud83d\udccdNuestra Oficina<\/h4>\n                        <p>6864 Avenida Indiana<br>Riverside, CA 92506<\/p>\n                    <\/div>\n                <\/div>\n                <div class=\"legend-item\">\n                    <div class=\"legend-color standard\"><\/div>\n                    <div class=\"legend-text\">\n                        <h4>\u00c1rea de servicio est\u00e1ndar (0-15 millas)<\/h4>\n                        <p>Visitas a domicilio incluidas seg\u00fan edad o disponibles a la carta en <strong>$99 por visita<\/strong><\/p>\n                    <\/div>\n                <\/div>\n                <div class=\"legend-item\">\n                    <div class=\"legend-color extended\"><\/div>\n                    <div class=\"legend-text\">\n                        <h4>\u00c1rea de servicio extendida (15-25 millas)<\/h4>\n                        <p>Visitas a domicilio disponibles con <strong>Tarifa de viaje $40<\/strong> (total $139 por visita)<\/p>\n                    <\/div>\n                <\/div>\n            <\/div>\n        <\/div>\n\n        <div class=\"info-box\">\n            <h4>\ud83d\udcdd Informaci\u00f3n importante<\/h4>\n            <p><strong>M\u00e1s all\u00e1 de 25 millas:<\/strong> Las visitas a domicilio fuera del radio de 40 kil\u00f3metros se considerar\u00e1n caso por caso. Por favor, cont\u00e1ctenos para hablar sobre su situaci\u00f3n espec\u00edfica.<\/p>\n            <p><strong>Visitas domiciliarias seg\u00fan la edad:<\/strong> De 0 a 6 meses (2\/mes incluido) \u2022 De 6 meses a 2 a\u00f1os (1\/mes incluido) \u2022 A partir de 2 a\u00f1os ($99 a la carta)<\/p>\n            <p><strong>Ciudades a las que prestamos servicios:<\/strong> Riverside, Corona, Redlands, Moreno Valley, Rancho Cucamonga y comunidades circundantes del Inland Empire<\/p>\n        <\/div>\n    <\/div>\n<\/body>\n<\/html>\t\t\t\t<\/div>\n\t\t\t\t<\/div>\n\t\t\t\t\t<\/div>\n\t\t<\/div>\n\t\t\t\t\t<\/div>\n\t\t<\/section>\n\t\t\t\t<\/div>","protected":false},"excerpt":{"rendered":"<p>Service Area Map | Whole Pediatrics Group House Call Service Area Home visits available throughout Riverside and surrounding communities Whole [&hellip;]<\/p>\n","protected":false},"author":5,"featured_media":0,"parent":0,"menu_order":0,"comment_status":"closed","ping_status":"closed","template":"","meta":{"site-sidebar-layout":"no-sidebar","site-content-layout":"","ast-site-content-layout":"full-width-container","site-content-style":"default","site-sidebar-style":"default","ast-global-header-display":"","ast-banner-title-visibility":"","ast-main-header-display":"","ast-hfb-above-header-display":"","ast-hfb-below-header-display":"","ast-hfb-mobile-header-display":"","site-post-title":"disabled","ast-breadcrumbs-content":"","ast-featured-img":"disabled","footer-sml-layout":"","ast-disable-related-posts":"","theme-transparent-header-meta":"default","adv-header-id-meta":"","stick-header-meta":"","header-above-stick-meta":"","header-main-stick-meta":"","header-below-stick-meta":"","astra-migrate-meta-layouts":"set","ast-page-background-enabled":"default","ast-page-background-meta":{"desktop":{"background-color":"var(--ast-global-color-4)","background-image":"","background-repeat":"repeat","background-position":"center center","background-size":"auto","background-attachment":"scroll","background-type":"","background-media":"","overlay-type":"","overlay-color":"","overlay-opacity":"","overlay-gradient":""},"tablet":{"background-color":"","background-image":"","background-repeat":"repeat","background-position":"center center","background-size":"auto","background-attachment":"scroll","background-type":"","background-media":"","overlay-type":"","overlay-color":"","overlay-opacity":"","overlay-gradient":""},"mobile":{"background-color":"","background-image":"","background-repeat":"repeat","background-position":"center center","background-size":"auto","background-attachment":"scroll","background-type":"","background-media":"","overlay-type":"","overlay-color":"","overlay-opacity":"","overlay-gradient":""}},"ast-content-background-meta":{"desktop":{"background-color":"var(--ast-global-color-5)","background-image":"","background-repeat":"repeat","background-position":"center center","background-size":"auto","background-attachment":"scroll","background-type":"","background-media":"","overlay-type":"","overlay-color":"","overlay-opacity":"","overlay-gradient":""},"tablet":{"background-color":"var(--ast-global-color-5)","background-image":"","background-repeat":"repeat","background-position":"center center","background-size":"auto","background-attachment":"scroll","background-type":"","background-media":"","overlay-type":"","overlay-color":"","overlay-opacity":"","overlay-gradient":""},"mobile":{"background-color":"var(--ast-global-color-5)","background-image":"","background-repeat":"repeat","background-position":"center center","background-size":"auto","background-attachment":"scroll","background-type":"","background-media":"","overlay-type":"","overlay-color":"","overlay-opacity":"","overlay-gradient":""}},"footnotes":""},"class_list":["post-6640","page","type-page","status-publish","hentry"],"yoast_head":"<!-- This site is optimized with the Yoast SEO plugin v27.2 - https:\/\/yoast.com\/product\/yoast-seo-wordpress\/ -->\n<title>House Call Service Area &#187; Whole Pediatrics<\/title>\n<meta name=\"description\" content=\"View our service area map for pediatric home visits. Serving Riverside, Eastvale, Redlands, Rancho Cucamonga &amp; surrounding Inland Empire communities.\" \/>\n<meta name=\"robots\" content=\"index, follow, max-snippet:-1, max-image-preview:large, max-video-preview:-1\" \/>\n<link rel=\"canonical\" href=\"https:\/\/wholepedsg.com\/es\/area-de-servicio-de-visitas-a-domicilio\/\" \/>\n<meta property=\"og:locale\" content=\"es_MX\" \/>\n<meta property=\"og:type\" content=\"article\" \/>\n<meta property=\"og:title\" content=\"House Call Service Area &#187; Whole Pediatrics\" \/>\n<meta property=\"og:description\" content=\"View our service area map for pediatric home visits. Serving Riverside, Eastvale, Redlands, Rancho Cucamonga &amp; surrounding Inland Empire communities.\" \/>\n<meta property=\"og:url\" content=\"https:\/\/wholepedsg.com\/es\/area-de-servicio-de-visitas-a-domicilio\/\" \/>\n<meta property=\"og:site_name\" content=\"Whole Pediatrics\" \/>\n<meta property=\"article:modified_time\" content=\"2026-03-13T05:49:22+00:00\" \/>\n<meta name=\"twitter:card\" content=\"summary_large_image\" \/>\n<meta name=\"twitter:label1\" content=\"Tiempo de lectura\" \/>\n\t<meta name=\"twitter:data1\" content=\"1 minuto\" \/>\n<script type=\"application\/ld+json\" class=\"yoast-schema-graph\">{\"@context\":\"https:\/\/schema.org\",\"@graph\":[{\"@type\":\"WebPage\",\"@id\":\"https:\/\/wholepedsg.com\/house-call-service-area\/\",\"url\":\"https:\/\/wholepedsg.com\/house-call-service-area\/\",\"name\":\"House Call Service Area &#187; Whole Pediatrics\",\"isPartOf\":{\"@id\":\"https:\/\/wholepedsg.com\/#website\"},\"datePublished\":\"2026-02-19T18:12:50+00:00\",\"dateModified\":\"2026-03-13T05:49:22+00:00\",\"description\":\"View our service area map for pediatric home visits. Serving Riverside, Eastvale, Redlands, Rancho Cucamonga & surrounding Inland Empire communities.\",\"breadcrumb\":{\"@id\":\"https:\/\/wholepedsg.com\/house-call-service-area\/#breadcrumb\"},\"inLanguage\":\"es\",\"potentialAction\":[{\"@type\":\"ReadAction\",\"target\":[\"https:\/\/wholepedsg.com\/house-call-service-area\/\"]}]},{\"@type\":\"BreadcrumbList\",\"@id\":\"https:\/\/wholepedsg.com\/house-call-service-area\/#breadcrumb\",\"itemListElement\":[{\"@type\":\"ListItem\",\"position\":1,\"name\":\"Home\",\"item\":\"https:\/\/wholepedsg.com\/\"},{\"@type\":\"ListItem\",\"position\":2,\"name\":\"House Call Service Area\"}]},{\"@type\":\"WebSite\",\"@id\":\"https:\/\/wholepedsg.com\/#website\",\"url\":\"https:\/\/wholepedsg.com\/\",\"name\":\"Whole Pediatrics\",\"description\":\"Pediatric Direct Primary Care\",\"publisher\":{\"@id\":\"https:\/\/wholepedsg.com\/#\/schema\/person\/cb62d7b9253ffb3bec9a250a623623b3\"},\"potentialAction\":[{\"@type\":\"SearchAction\",\"target\":{\"@type\":\"EntryPoint\",\"urlTemplate\":\"https:\/\/wholepedsg.com\/?s={search_term_string}\"},\"query-input\":{\"@type\":\"PropertyValueSpecification\",\"valueRequired\":true,\"valueName\":\"search_term_string\"}}],\"inLanguage\":\"es\"},{\"@type\":[\"Person\",\"Organization\"],\"@id\":\"https:\/\/wholepedsg.com\/#\/schema\/person\/cb62d7b9253ffb3bec9a250a623623b3\",\"name\":\"connell bost\",\"image\":{\"@type\":\"ImageObject\",\"inLanguage\":\"es\",\"@id\":\"https:\/\/wholepedsg.com\/wp-content\/uploads\/2025\/09\/WholePeds-copy-scaled.webp\",\"url\":\"https:\/\/wholepedsg.com\/wp-content\/uploads\/2025\/09\/WholePeds-copy-scaled.webp\",\"contentUrl\":\"https:\/\/wholepedsg.com\/wp-content\/uploads\/2025\/09\/WholePeds-copy-scaled.webp\",\"width\":1920,\"height\":1920,\"caption\":\"connell bost\"},\"logo\":{\"@id\":\"https:\/\/wholepedsg.com\/wp-content\/uploads\/2025\/09\/WholePeds-copy-scaled.webp\"},\"sameAs\":[\"https:\/\/wholepedsg.com\/\"]}]}<\/script>\n<!-- \/ Yoast SEO plugin. -->","yoast_head_json":{"title":"\u00c1rea de servicio de atenci\u00f3n domiciliaria \u00bb Pediatr\u00eda integral","description":"Consulte el mapa de nuestra \u00e1rea de servicio para consultas pedi\u00e1tricas a domicilio. Atendemos a Riverside, Eastvale, Redlands, Rancho Cucamonga y las comunidades circundantes del Inland Empire.","robots":{"index":"index","follow":"follow","max-snippet":"max-snippet:-1","max-image-preview":"max-image-preview:large","max-video-preview":"max-video-preview:-1"},"canonical":"https:\/\/wholepedsg.com\/es\/area-de-servicio-de-visitas-a-domicilio\/","og_locale":"es_MX","og_type":"article","og_title":"House Call Service Area &#187; Whole Pediatrics","og_description":"View our service area map for pediatric home visits. Serving Riverside, Eastvale, Redlands, Rancho Cucamonga & surrounding Inland Empire communities.","og_url":"https:\/\/wholepedsg.com\/es\/area-de-servicio-de-visitas-a-domicilio\/","og_site_name":"Whole Pediatrics","article_modified_time":"2026-03-13T05:49:22+00:00","twitter_card":"summary_large_image","twitter_misc":{"Tiempo de lectura":"1 minuto"},"schema":{"@context":"https:\/\/schema.org","@graph":[{"@type":"WebPage","@id":"https:\/\/wholepedsg.com\/house-call-service-area\/","url":"https:\/\/wholepedsg.com\/house-call-service-area\/","name":"\u00c1rea de servicio de atenci\u00f3n domiciliaria \u00bb Pediatr\u00eda integral","isPartOf":{"@id":"https:\/\/wholepedsg.com\/#website"},"datePublished":"2026-02-19T18:12:50+00:00","dateModified":"2026-03-13T05:49:22+00:00","description":"Consulte el mapa de nuestra \u00e1rea de servicio para consultas pedi\u00e1tricas a domicilio. Atendemos a Riverside, Eastvale, Redlands, Rancho Cucamonga y las comunidades circundantes del Inland Empire.","breadcrumb":{"@id":"https:\/\/wholepedsg.com\/house-call-service-area\/#breadcrumb"},"inLanguage":"es","potentialAction":[{"@type":"ReadAction","target":["https:\/\/wholepedsg.com\/house-call-service-area\/"]}]},{"@type":"BreadcrumbList","@id":"https:\/\/wholepedsg.com\/house-call-service-area\/#breadcrumb","itemListElement":[{"@type":"ListItem","position":1,"name":"Home","item":"https:\/\/wholepedsg.com\/"},{"@type":"ListItem","position":2,"name":"House Call Service Area"}]},{"@type":"WebSite","@id":"https:\/\/wholepedsg.com\/#website","url":"https:\/\/wholepedsg.com\/","name":"Pediatr\u00eda integral","description":"Atenci\u00f3n primaria directa pedi\u00e1trica","publisher":{"@id":"https:\/\/wholepedsg.com\/#\/schema\/person\/cb62d7b9253ffb3bec9a250a623623b3"},"potentialAction":[{"@type":"SearchAction","target":{"@type":"EntryPoint","urlTemplate":"https:\/\/wholepedsg.com\/?s={search_term_string}"},"query-input":{"@type":"PropertyValueSpecification","valueRequired":true,"valueName":"search_term_string"}}],"inLanguage":"es"},{"@type":["Person","Organization"],"@id":"https:\/\/wholepedsg.com\/#\/schema\/person\/cb62d7b9253ffb3bec9a250a623623b3","name":"Connell Bost","image":{"@type":"ImageObject","inLanguage":"es","@id":"https:\/\/wholepedsg.com\/wp-content\/uploads\/2025\/09\/WholePeds-copy-scaled.webp","url":"https:\/\/wholepedsg.com\/wp-content\/uploads\/2025\/09\/WholePeds-copy-scaled.webp","contentUrl":"https:\/\/wholepedsg.com\/wp-content\/uploads\/2025\/09\/WholePeds-copy-scaled.webp","width":1920,"height":1920,"caption":"connell bost"},"logo":{"@id":"https:\/\/wholepedsg.com\/wp-content\/uploads\/2025\/09\/WholePeds-copy-scaled.webp"},"sameAs":["https:\/\/wholepedsg.com\/"]}]}},"_links":{"self":[{"href":"https:\/\/wholepedsg.com\/es\/wp-json\/wp\/v2\/pages\/6640","targetHints":{"allow":["GET"]}}],"collection":[{"href":"https:\/\/wholepedsg.com\/es\/wp-json\/wp\/v2\/pages"}],"about":[{"href":"https:\/\/wholepedsg.com\/es\/wp-json\/wp\/v2\/types\/page"}],"author":[{"embeddable":true,"href":"https:\/\/wholepedsg.com\/es\/wp-json\/wp\/v2\/users\/5"}],"replies":[{"embeddable":true,"href":"https:\/\/wholepedsg.com\/es\/wp-json\/wp\/v2\/comments?post=6640"}],"version-history":[{"count":3,"href":"https:\/\/wholepedsg.com\/es\/wp-json\/wp\/v2\/pages\/6640\/revisions"}],"predecessor-version":[{"id":7307,"href":"https:\/\/wholepedsg.com\/es\/wp-json\/wp\/v2\/pages\/6640\/revisions\/7307"}],"wp:attachment":[{"href":"https:\/\/wholepedsg.com\/es\/wp-json\/wp\/v2\/media?parent=6640"}],"curies":[{"name":"wp","href":"https:\/\/api.w.org\/{rel}","templated":true}]}}